{"id":2362,"date":"2013-11-04T18:22:08","date_gmt":"2013-11-04T21:22:08","guid":{"rendered":"http:\/\/mogano.com.ar\/?post_type=product&#038;p=2362"},"modified":"2014-04-07T16:11:22","modified_gmt":"2014-04-07T19:11:22","slug":"mesa-de-centro-analia","status":"publish","type":"product","link":"https:\/\/mogano.com.ar\/en\/producto\/mesa-de-centro-analia\/","title":{"rendered":"Analia middle table"},"content":{"rendered":"<p><\/p>\n<ul>\n<li><strong>CHARACTERISTICS<\/strong>:<\/li>\n<\/ul>\n<p style=\"padding-left: 30px;\">Tapa superior de vidrio. Estructura y tapa inferior de madera curipixh\u00e1.<\/p>\n<ul>\n<li><strong>FINISHED<\/strong>:<\/li>\n<\/ul>\n<p style=\"padding-left: 30px;\">Polyurethane polish applied in pressurized thermo-cabin optional.<\/p>\n<ul>\n<li><strong>MEASURES<\/strong>:<\/li>\n<\/ul>\n<p style=\"padding-left: 30px;\">110 x 100 x 43 cm. \/ 43 1\/3\u00a8 x 39 3\/8\u00a8 x 17\u00a8 (A x P x H).<\/p>\n<p><\/p>","protected":false},"excerpt":{"rendered":"<p>Se trata de un dise\u00f1o moderno, de una mesa de centro con marco de madera, interior en vidrio donde el toque de distinci\u00f3n esta dado por los detalles de un cuidadoso estriado dise\u00f1ado sobre la madera, tanto en los \u00e1ngulos de las patas como en el marco de la tapa.<\/p>\n","protected":false},"featured_media":2701,"comment_status":"open","ping_status":"closed","template":"","meta":[],"class_list":{"0":"post-2362","1":"product","2":"type-product","3":"status-publish","4":"has-post-thumbnail","6":"product_cat-estar","7":"product_cat-mesas-de-centro","9":"first","10":"instock","11":"shipping-taxable","12":"product-type-simple","13":"prodpage-classic"},"_links":{"self":[{"href":"https:\/\/mogano.com.ar\/en\/wp-json\/wp\/v2\/product\/2362","targetHints":{"allow":["GET"]}}],"collection":[{"href":"https:\/\/mogano.com.ar\/en\/wp-json\/wp\/v2\/product"}],"about":[{"href":"https:\/\/mogano.com.ar\/en\/wp-json\/wp\/v2\/types\/product"}],"replies":[{"embeddable":true,"href":"https:\/\/mogano.com.ar\/en\/wp-json\/wp\/v2\/comments?post=2362"}],"wp:featuredmedia":[{"embeddable":true,"href":"https:\/\/mogano.com.ar\/en\/wp-json\/wp\/v2\/media\/2701"}],"wp:attachment":[{"href":"https:\/\/mogano.com.ar\/en\/wp-json\/wp\/v2\/media?parent=2362"}],"curies":[{"name":"wp","href":"https:\/\/api.w.org\/{rel}","templated":true}]}}